{"id":14678,"date":"2014-12-04T11:25:41","date_gmt":"2014-12-04T16:25:41","guid":{"rendered":"https:\/\/www.canadamasonrydesigncentre.com\/politique-de-protection-de-la-vie-privee\/"},"modified":"2023-12-13T11:23:52","modified_gmt":"2023-12-13T16:23:52","slug":"politique-de-protection-de-la-vie-privee","status":"publish","type":"page","link":"https:\/\/www.canadamasonrydesigncentre.com\/fr\/politique-de-protection-de-la-vie-privee\/","title":{"rendered":"Politique de protection de la vie priv\u00e9e"},"content":{"rendered":"[vc_row][vc_column][vc_column_text text_larger=\u00a0\u00bbno\u00a0\u00bb]\n&#13;\n&#13;\n<strong>This Privacy Policy applies to: <a href=\"https:\/\/www.canadamasonrydesigncentre.com\/fr\/\">canadamasonrydesigncentre.com<\/a><\/strong>&#13;\n&#13;\n<strong>Last update: Sept 27th, 2023<\/strong>&#13;\n&#13;\nThe respect of your private life is of the utmost importance for Canada Masonry Design Centre, who is responsible for this website.&#13;\n&#13;\nThis Privacy Policy aims to lay out :&#13;\n<ul>&#13;\n \t<li>the way your personal information is collected and processed. \u00ab\u00a0Personal information\u00a0\u00bb means any information that could identify you, such as your name, your mailing address, your email address, your location and your IP address. \u00ab\u00a0Personal information\u00a0\u00bb is a synonym for \u00ab\u00a0personal data\u00a0\u00bb within the meaning of the Regulation 2016\/679 of the European Union (General Data Protection Regulation);<\/li>&#13;\n \t<li>your rights regarding your personal information;<\/li>&#13;\n \t<li>who is responsible for the processing of the collected and processed information;<\/li>&#13;\n \t<li>to whom the information is transmitted;<\/li>&#13;\n \t<li>if applicable, the website&rsquo;s policy regarding cookies.<\/li>&#13;\n<\/ul>&#13;\nThis Privacy Policy complement the Terms and Conditions that you may find at the following address:&#13;\n&#13;\n<a href=\"https:\/\/www.canadamasonrydesigncentre.com\/fr\/conditions-generales-dutilisation\/\">Terms and Conditions<\/a>: https:\/\/www.canadamasonrydesigncentre.com\/terms-and-conditions\/&#13;\n&#13;\n<hr\/>&#13;\n&#13;\n<h3 class=\"wp-block-heading\" style=\"padding-left: 40px;\">1. &#8211; COLLECTE D&rsquo;INFORMATIONS PERSONNELLES<\/h3>&#13;\nWe collect the following personal information:&#13;\n<ul>&#13;\n \t<li>Last Name<\/li>&#13;\n \t<li>First name<\/li>&#13;\n \t<li>Mailing address<\/li>&#13;\n \t<li>Postal code<\/li>&#13;\n \t<li>Email address<\/li>&#13;\n \t<li>Phone and\/or fax number<\/li>&#13;\n \t<li>Credit card number<\/li>&#13;\n<\/ul>&#13;\nThe personal information we collect is collected through the collection methods described in the following section.&#13;\n&#13;\n<hr\/>&#13;\n&#13;\n<h3 style=\"padding-left: 40px;\">2. &#8211; FORMES ET M\u00c9THODES DE COLLECTE<\/h3>&#13;\nYour personal information is collected through the following methods:&#13;\n<ul>&#13;\n \t<li>Website registration form<\/li>&#13;\n \t<li>Order form<\/li>&#13;\n \t<li>Survey form<\/li>&#13;\n \t<li>Contest<\/li>&#13;\n<\/ul>&#13;\nWe use the collected data for the following purposes:&#13;\n<ul>&#13;\n \t<li>Order tracking<\/li>&#13;\n \t<li>Special offers<\/li>&#13;\n \t<li>Statistics<\/li>&#13;\n \t<li>Contact<\/li>&#13;\n \t<li>Managing the website<\/li>&#13;\n<\/ul>&#13;\n&#13;\n<hr\/>&#13;\n&#13;\n<h3 style=\"padding-left: 40px;\">3. &#8211; L&rsquo;INTERACTIVIT\u00c9<\/h3>&#13;\nYour personal information is also collected through the interactivity between you and the website. This personal information is collected through the following methods:&#13;\n<ul>&#13;\n \t<li>Comments<\/li>&#13;\n \t<li>Correspondence<\/li>&#13;\n<\/ul>&#13;\nWe use the personal information thus collected for the following purposes:&#13;\n<ul>&#13;\n \t<li>Statistics<\/li>&#13;\n \t<li>Contact<\/li>&#13;\n \t<li>Website management<\/li>&#13;\n<\/ul>&#13;\n&#13;\n<hr\/>&#13;\n&#13;\n<h3 style=\"padding-left: 40px;\">4. &#8211; T\u00c9MOINS ET FICHIERS JOURNAUX<\/h3>&#13;\nWe collect information through log files and cookies. These allow us to process statistics and information on traffic on the Website, to ease navigation and improve your experience for your comfort.&#13;\n&#13;\nUnder the General Data Protection Regulation (European Regulation 2016\/679), the use of cookies and log files that involves personal information saving and analysis requires your consent.&#13;\n&#13;\nYour consent is considered to be valid for a maximum period of thirteen (13) months. At the end of that period, we will ask again for your consent to save cookies and log files on your hard disk.&#13;\n&#13;\n<strong>a) Cookies used by the Website<\/strong>&#13;\n&#13;\nThe cookie files used on the Website are the following:&#13;\n<ul>&#13;\n \t<li>IP address<\/li>&#13;\n \t<li>Operating system<\/li>&#13;\n \t<li>Pages visited and queries<\/li>&#13;\n \t<li>Day and time of connection<\/li>&#13;\n<\/ul>&#13;\nThe use of such files allows us to achieve the following purposes:&#13;\n<ul>&#13;\n \t<li>Improvement of the service and personalized welcome<\/li>&#13;\n \t<li>Personalized consumption profiles<\/li>&#13;\n \t<li>Order tracking<\/li>&#13;\n \t<li>Statistical surveys<\/li>&#13;\n<\/ul>&#13;\nBy using the Website, cookies from the following third parties may be saved on your hard disk:&#13;\n&#13;\nGoogle.com&#13;\n&#13;\nThe website also embeds sharing and social media networks buttons that allow you to share your activity on the Website. Cookies and log files from the social media networks may be saved on your computer when you use these features.&#13;\n&#13;\nThese websites have their own privacy policy and terms and condition that may be different than ours. We invite to look at the privacy policies and terms and conditions from these websites.&#13;\n&#13;\n<strong>b) Objection to the use of cookies and log files by the Website<\/strong>&#13;\n&#13;\nYou have the right to object to the recording of these cookies and log files by configuring your web browser.&#13;\n&#13;\nOnce you have deactivated cookies and log files, you may continue your use of the Website. However, any malfunction resulting from this deactivation may not be considered of our making.&#13;\n&#13;\n<hr\/>&#13;\n&#13;\n<h3 style=\"padding-left: 40px;\">5. &#8211; PARTAGE D&rsquo;INFORMATIONS PERSONNELLES<\/h3>&#13;\nWe are committed to not selling to third parties or otherwise commercialize the personal information we collect. However, we may share this information with third parties for the following reasons:&#13;\n<ul>&#13;\n \t<li>Consumption profils<\/li>&#13;\n \t<li>Order fulfillment<\/li>&#13;\n \t<li>Partnership<\/li>&#13;\n \t<li>Advertising<\/li>&#13;\n<\/ul>&#13;\n&#13;\n<hr\/>&#13;\n&#13;\n<h3 style=\"padding-left: 40px;\">6. &#8211; DUR\u00c9E DE CONSERVATION DES INFORMATIONS PERSONNELLES<\/h3>&#13;\nThe controller will keep in its computer systems, in reasonable security conditions, the entirety of the personal information collected for the following duration: Indefinite.&#13;\n&#13;\n<hr\/>&#13;\n&#13;\n<h3 style=\"padding-left: 40px;\">7. &#8211; H\u00c9BERGEMENT D&rsquo;INFORMATIONS PERSONNELLES<\/h3>&#13;\nOur website is hosted by: LiquidWeb, located at the following address:&#13;\n&#13;\n2703 Ena Drive Lansing, MI 48917 USA.&#13;\n&#13;\nThe host may be contacted at the following phone number: 1-800-580-4985.&#13;\n&#13;\nPersonal information we collect and process is transferred to the following countries: USA.&#13;\n&#13;\nThe transfer of personal information outside of the European Union is justified by the following reasons:&#13;\n&#13;\nWeb Hosting provider is based out of USA&#13;\n&#13;\n<hr\/>&#13;\n&#13;\n<h3 style=\"padding-left: 40px;\">8. &#8211; CONTR\u00d4LEUR<\/h3>&#13;\n<strong>a) Controller<\/strong>&#13;\n&#13;\nThe \u00ab\u00a0Controller\u00a0\u00bb is: Brad Crumb. The Controller may be contacted as follows:&#13;\n&#13;\nThe controller can be contacted by request through the general contact and support email address for the MASS software: mass@canadamasonrycentre.com&#13;\n&#13;\nThe Controller is in charge of determining the purposes for which personal information is processed and the means at the service of such processing.&#13;\n&#13;\n<strong>b) Obligations of the Controller<\/strong>&#13;\n&#13;\nThe Controller is committed to protecting the personal information collected, not to transmit it to third parties without informing you, and to respect the purposes for which personal information was collected.&#13;\n&#13;\nIn the event that the integrity, confidentiality or security of your personal information is compromised, the Controller is committed to notify you.&#13;\n&#13;\n<hr\/>&#13;\n&#13;\n<h3 style=\"padding-left: 40px;\">9. &#8211; DROIT D&rsquo;OPPOSITION ET DE RETRAIT<\/h3>&#13;\nYou have the right to object to the processing of your personal information by the Website (\u00ab\u00a0right to object\u00a0\u00bb). You also have the right to request that your personal information does not appear, for example, on a mailing list (\u00ab\u00a0right to withdraw\u00a0\u00bb).&#13;\n&#13;\nIf you wish to exercise the right to object or the right to withdraw, you must follow the procedure described hereinafter:&#13;\n&#13;\nThe user must submit a request to the email address provided above with their request. If the user does not receive a reply within five (5) business days, the user must submit a new request and contact MASS support by phone to escalate the process. The phone number is available on the contact page.&#13;\n&#13;\n<hr\/>&#13;\n&#13;\n<h3 style=\"padding-left: 40px;\">10. &#8211; DROIT D&rsquo;ACC\u00c8S, DE RECTIFICATION ET DE SUPPRESSION<\/h3>&#13;\nYou have the right to consult, update, modify or request the removal of information about you by following the procedure described hereinafter:&#13;\n&#13;\nThe user must submit a request to the controller email address above&#13;\n&#13;\nIf you have a personal account, you may request its removal by following the procedure described hereinafter:&#13;\n&#13;\nThe user must send an email to the data controller with the request containing all of the information they wish to access, update, edite, or have removed. Requests are granted at the discretion of the controller.&#13;\n&#13;\n<hr\/>&#13;\n&#13;\n<h3 style=\"padding-left: 40px;\">11. &#8211; PRINCIPES G\u00c9N\u00c9RAUX RELATIFS \u00c0 LA COLLECTE ET AU TRAITEMENT DES DONN\u00c9ES \u00c0 CARACT\u00c8RE PERSONNEL EN VERTU DU R\u00c8GLEMENT EUROP\u00c9EN 2016\/679<\/h3>&#13;\nIn accordance with the provisions of Article 5 of European Regulation 2016\/679, the collection and processing of your personal data comply with the following principles:&#13;\n<ul>&#13;\n \t<li>Lawfulness, fairness and transparency: your personal data may only be collected and processed with your consent. Every time your personal data is collected, you will be informed that your personal data is collected and for which reasons your personal data is collected;<\/li>&#13;\n \t<li>Limits purposes: the data is collected and processed for one or more purposes set out in this Privacy Policy;<\/li>&#13;\n \t<li>Data minimization: only personal data necessary for the purpose to which it is necessary is collected;<\/li>&#13;\n \t<li>Storage limited in time: personal data is stored for a limited time, of which you are notified;<\/li>&#13;\n \t<li>Integrity and confidentiality of collected and processed personal data: the Controller is committed to guarantee the integrity and confidentiality of the collected personal data.<\/li>&#13;\n<\/ul>&#13;\nIn order to be lawful and to comply with Article 6 or European Regulation 2016\/679, collection and processing will only occur if one of the following applies:&#13;\n<ul>&#13;\n \t<li>You have given your express consent;<\/li>&#13;\n \t<li>Processing is necessary for the performance of a contract;<\/li>&#13;\n \t<li>Processing is necessary for compliance with a legal obligation;<\/li>&#13;\n \t<li>Processing is necessary in order to protect your vital interests or those of another physical person;<\/li>&#13;\n \t<li>Processing is necessary for the performance of a task carried out in the public interest or in the exercise of official authority;<\/li>&#13;\n \t<li>Processing is necessary for the purposes of the legitimate interests pursued by the Controller or a third party.<\/li>&#13;\n<\/ul>&#13;\n&#13;\n<hr\/>&#13;\n&#13;\n<h3 style=\"padding-left: 40px;\">12. &#8211; DROITS SUPPL\u00c9MENTAIRES EN VERTU DU R\u00c8GLEMENT EUROP\u00c9EN 2016\/679<\/h3>&#13;\nIn accordance with European regulation relating to the processing of personal data, you also have the rights listed below.&#13;\n&#13;\nIn order for the Controller to grant your request, you must provide your first and last name, your email address, and if relevant, your personal account or membership number.&#13;\n&#13;\nThe Controller must answer your request within a period of thirty (30) days.&#13;\n&#13;\n<strong>a) Right to portability of personal data<\/strong>&#13;\n&#13;\nYou have the right to request the portability of your personal data held by the Website to another site by following the procedure described below:&#13;\n&#13;\nThe user must send an email to the data controller (email address above) with their full account details, as well as a contact for another website to receive the data. The user may be required at the discretion of the controller to personally forward along their account information as part of facilitating this request.&#13;\n&#13;\n<strong>b) Right of not being the object of a decision based only on automated processing<\/strong>&#13;\n&#13;\nIn accordance with the provisions of the European Regulation 2016\/679, you have the right of not being the subject of decision based solely on automated processing if the decision produces legal affecting concerning you or significantly affects you.&#13;\n&#13;\n<strong>c) Right to submit a complaint to the competent authority<\/strong>&#13;\n&#13;\nIn the event that the Controller does not answer your request, you wish to challenge his or her decision or you believe one of your rights has been infringed upon, you have the right to submit a complaint to the competent authority.&#13;\n&#13;\n<hr\/>&#13;\n&#13;\n<h3 style=\"padding-left: 40px;\">13. &#8211; S\u00c9CURIT\u00c9<\/h3>&#13;\nPersonal information we collect is stored in a secured environment. People working for us are obligated to respect the confidentiality of your personal information.&#13;\n&#13;\nTo ensure the security of your personal information, we use the following methods:&#13;\n<ul>&#13;\n \t<li>SSL (Security Sockets Layer) Protocol<\/li>&#13;\n \t<li>Access management &#8211; person authorized<\/li>&#13;\n \t<li>Access management &#8211; person concerned<\/li>&#13;\n \t<li>Network surveillance software<\/li>&#13;\n \t<li>Automatic backup<\/li>&#13;\n \t<li>Username\/password<\/li>&#13;\n \t<li>Firewalls<\/li>&#13;\n<\/ul>&#13;\nWe are committed to maintaining a high degree of confidentiality by integrating the latest technological innovations that allow us to ensure the confidentiality of your transactions. Nevertheless, no mechanism can ensure a complete security and transmitting personal information on the Internet always entail a part of risk.&#13;\n&#13;\n<hr\/>&#13;\n&#13;\n<h3 style=\"padding-left: 40px;\">14. &#8211; DONN\u00c9ES PERSONNELLES DES MINEURS EN VERTU DU R\u00c8GLEMENT EUROP\u00c9EN 2016\/679<\/h3>&#13;\nIn accordance with the provisions of Article 8 of Regulation 2016\/679, only minors over 15 years of age may consent to the processing of their personal data.&#13;\n&#13;\nIf you are a minor under the age of 15, the consent of a legal representative is required in order for your personal data to be collected and processed.&#13;\n&#13;\nWe reserve the right to verify by any means that you are over 15 years of age or that you have obtained the consent of a legal representative before using our Website.&#13;\n&#13;\n<hr\/>&#13;\n&#13;\n<h3 style=\"padding-left: 40px;\">15. &#8211; MODIFICATIONS DE NOTRE POLITIQUE EN MATI\u00c8RE DE PROTECTION DE LA VIE PRIV\u00c9E<\/h3>&#13;\nOur Privacy Policy may be viewed at all times at the following address:&#13;\n&#13;\n<a href=\"https:\/\/www.canadamasonrydesigncentre.com\/fr\/politique-de-protection-de-la-vie-privee\/\">https:\/\/www.canadamasonrydesigncentre.com\/privacy-policy\/<\/a>&#13;\n&#13;\nWe reserve the right to modify our Privacy Policy in order to guarantee its compliance with the applicable law.&#13;\n&#13;\nYou are therefore invited to regularly consult our Privacy Policy to be informed of the latest changes.&#13;\n&#13;\n<hr\/>&#13;\n&#13;\n<h3 style=\"padding-left: 40px;\">16. &#8211; ACCEPTATION DE NOTRE POLITIQUE DE PROTECTION DE LA VIE PRIV\u00c9E<\/h3>&#13;\nBy using our Website, you certify that you have read and understood this Privacy Policy and accept its conditions, more specifically conditions relating to the collection and processing of personal information, and the use of cookies.&#13;\n&#13;\n<hr\/>&#13;\n&#13;\n<h3 style=\"padding-left: 40px;\">17. &#8211; DROIT APPLICABLE<\/h3>&#13;\nWe are committed to respect the legislative provisions as specified in:&#13;\n&#13;\n<em>Personal Information Protection and Electronic Documents Act<\/em>, SC 2000, c 5; and\/or&#13;\n&#13;\n<em>Act Respecting the Protection of Personal Information in the Private Sector<\/em>, CQLR cP-39.1 ; and&#13;\n&#13;\n<em>General Data Protection Regulation,<\/em> Regulation (EU) 2016\/679 of the European Parliament and the Council of 27 April 2016 for the protection of natural persons with regard to the processing of personal data and on the free movement of such data, and repealing Directive 95\/46\/EC.&#13;\n&#13;\n[\/vc_column_text][\/vc_column][\/vc_row]","protected":false},"excerpt":{"rendered":"<p>[vc_row][vc_column][vc_column_text text_larger=\u00a0\u00bbno\u00a0\u00bb] &#13; &#13; This Privacy Policy applies to: canadamasonrydesigncentre.com&#13; &#13; Last update: Sept 27th, 2023&#13; &#13; The respect of your private life is of the utmost importance for Canada&#8230;<\/p>\n","protected":false},"author":1,"featured_media":0,"parent":0,"menu_order":91,"comment_status":"closed","ping_status":"closed","template":"","meta":{"footnotes":""},"class_list":["post-14678","page","type-page","status-publish"],"_links":{"self":[{"href":"https:\/\/www.canadamasonrydesigncentre.com\/fr\/wp-json\/wp\/v2\/pages\/14678","targetHints":{"allow":["GET"]}}],"collection":[{"href":"https:\/\/www.canadamasonrydesigncentre.com\/fr\/wp-json\/wp\/v2\/pages"}],"about":[{"href":"https:\/\/www.canadamasonrydesigncentre.com\/fr\/wp-json\/wp\/v2\/types\/page"}],"author":[{"embeddable":true,"href":"https:\/\/www.canadamasonrydesigncentre.com\/fr\/wp-json\/wp\/v2\/users\/1"}],"replies":[{"embeddable":true,"href":"https:\/\/www.canadamasonrydesigncentre.com\/fr\/wp-json\/wp\/v2\/comments?post=14678"}],"version-history":[{"count":1,"href":"https:\/\/www.canadamasonrydesigncentre.com\/fr\/wp-json\/wp\/v2\/pages\/14678\/revisions"}],"predecessor-version":[{"id":14679,"href":"https:\/\/www.canadamasonrydesigncentre.com\/fr\/wp-json\/wp\/v2\/pages\/14678\/revisions\/14679"}],"wp:attachment":[{"href":"https:\/\/www.canadamasonrydesigncentre.com\/fr\/wp-json\/wp\/v2\/media?parent=14678"}],"curies":[{"name":"wp","href":"https:\/\/api.w.org\/{rel}","templated":true}]}}